{"id":83374,"date":"2019-11-23T20:55:11","date_gmt":"2019-11-23T19:55:11","guid":{"rendered":"https:\/\/3dmadesimple.golf\/?page_id=83374"},"modified":"2019-11-24T15:49:30","modified_gmt":"2019-11-24T14:49:30","slug":"politique-de-confidentialite-2","status":"publish","type":"page","link":"https:\/\/3dmadesimple.golf\/index.php\/politique-de-confidentialite-2\/","title":{"rendered":"Politique de Confidentialit\u00e9"},"content":{"rendered":"<p><strong>English at the End<\/strong><\/p>\n<p>&nbsp;<\/p>\n<p>La soci\u00e9t\u00e9 David ARRIGNON s&#8217;engage \u00e0 ce que la collecte et le traitement de vos donn\u00e9es, effectu\u00e9s \u00e0 partir du site\u00a03dmadesimple.com\u00a0soient conformes au r\u00e8glement g\u00e9n\u00e9ral sur la protection des donn\u00e9es (RGPD) et \u00e0 la loi Informatique et Libert\u00e9s.<\/p>\n<p>&nbsp;<\/p>\n<p>Nos formulaires limitent la collecte des donn\u00e9es personnelles au strict n\u00e9cessaire, conform\u00e9ment au principe de minimisation des donn\u00e9es, et indiquent quelles sont les finalit\u00e9s du recueil de ces donn\u00e9es\u00a0; si ces donn\u00e9es sont obligatoires ou facultatives pour la gestion de votre demande ainsi que vos droits\u00a0<a href=\"https:\/\/www.cnil.fr\/fr\/comprendre-vos-droits\">\u00ab\u00a0Informatiques et Libert\u00e9s\u00a0\u00bb\u00a0<\/a>et la fa\u00e7on de les exercer.<\/p>\n<p><strong>1 &#8211; Quelques d\u00e9finitions :<\/strong><\/p>\n<p><strong>Le Site :<\/strong>\u00a0L&#8217;ensemble du site, pages Internet et services en ligne propos\u00e9s par la soci\u00e9t\u00e9\u00a0David ARRIGNON, qui exploite le site accessible\u00a0\u00e0 partir de l\u2019adresse URL suivante \u00a0<a href=\"https:\/\/www.monacademieoppgolf.com\/\">3dmadesimple.golf<\/a><\/p>\n<p><strong>Les Cookies :<\/strong>\u00a0Un &#8220;cookie&#8221; est un fichier de taille limit\u00e9e, g\u00e9n\u00e9ralement constitu\u00e9 de lettres et de chiffres, envoy\u00e9 par le serveur\u00a0internet\u00a0au fichier cookie du navigateur situ\u00e9 sur le disque dur de votre ordinateur.<\/p>\n<p><strong>La Donn\u00e9e \u00e0 caract\u00e8re personnel :<\/strong>\u00a0Toute information relative \u00e0 une personne physique identifi\u00e9e ou qui peut \u00eatre identifi\u00e9e, directement\u00a0ou indirectement, par r\u00e9f\u00e9rence \u00e0 un num\u00e9ro d&#8217;identification ou \u00e0 un ou plusieurs \u00e9l\u00e9ments qui lui sont propres.<\/p>\n<p>C\u2019est par exemple, l\u2019adresse \u00e9lectronique de l\u2019Utilisateur.<\/p>\n<p><strong>L&#8217;\u00c9diteur :\u00a0<\/strong>La personne, physique ou morale, qui \u00e9dite les services de communication au public en ligne, c\u2019est-\u00e0-dire :<\/p>\n<p>David ARRIGNON SIRET\u00a0: 48452164600022 dont le si\u00e8ge social est situ\u00e9\u00a0au 31 Route de Rambouillet 78125 Poigny la For\u00eat.<\/p>\n<p><strong>L&#8217;Utilisateur :\u00a0<\/strong>La personne utilisant le Site et les services de la soci\u00e9t\u00e9 David ARRIGNON<\/p>\n<p><strong>Le Traitement de donn\u00e9es \u00e0 caract\u00e8re personnel :\u00a0<\/strong>Toute op\u00e9ration ou ensemble d\u2019op\u00e9rations portant sur de telles donn\u00e9es, quel que soit\u00a0le proc\u00e9d\u00e9 utilis\u00e9 (la collecte, l\u2019enregistrement, l\u2019organisation, la conservation, l\u2019adaptation ou la modification, l\u2019extraction, la consultation,\u00a0l\u2019utilisation, la communication par transmission, diffusion ou toute autre forme de mise \u00e0 disposition, le rapprochement ou l\u2019interconnexion,\u00a0le verrouillage, l\u2019effacement ou la destruction\u2026).<\/p>\n<p><strong>2 &#8211; Les donn\u00e9es que nous\u00a0collectons\u00a0et comment ?<\/strong><\/p>\n<p>La soci\u00e9t\u00e9 David ARRIGNON ne collecte que les informations dont elle a besoin pour d\u00e9livrer ses services et r\u00e9pondre aux obligations r\u00e9glementaires,\u00a0telles que les\u00a0: nom, pr\u00e9nom, email, t\u00e9l\u00e9phone.<\/p>\n<p>&nbsp;<\/p>\n<p>La collecte de donn\u00e9es s\u2019effectue lors\u00a0:<\/p>\n<ul>\n<li>De la commande d\u2019un produit<\/li>\n<li>D\u2019une prise de contact via le formulaire de contact pr\u00e9sent sur 3dmadesimple.golf<\/li>\n<\/ul>\n<p>&nbsp;<\/p>\n<p>Nous recevons \u00e9galement des informations techniques lors de votre navigation dans nos sites. Chaque fois que vous utilisez un site Web,\u00a0une application mobile ou tout autre service Internet, la g\u00e9n\u00e9ration et l\u2019enregistrement d\u2019informations sont presque\u00a0syst\u00e9matiques.<\/p>\n<p>Voici quelques-unes des cat\u00e9gories de donn\u00e9es que nous collectons :<\/p>\n<ul>\n<li>Donn\u00e9es de journal. Ces donn\u00e9es de journal incluent votre adresse IP et vos activit\u00e9s dans nos sites (pages visit\u00e9es),\u00a0la date et l&#8217;heure de votre demande.<\/li>\n<li>Nous utilisons \u00e9galement des \u00ab cookies \u00bb de \u00ab session \u00bb (conserv\u00e9s jusqu\u2019\u00e0 ce que vous fermiez votre session)<\/li>\n<li>Ou \u00e0 des cookies \u00ab persistants \u00bb (qui restent actifs tant qu\u2019ils ne sont pas supprim\u00e9s par vous-m\u00eame ou par votre navigateur).<\/li>\n<li>Ces cookies internes peuvent \u00eatre n\u00e9cessaires aux sites pour fonctionner ou pour mesurer l\u2019audience.<\/li>\n<\/ul>\n<p><strong><em>&gt;&gt;&gt;\u00a0<\/em><\/strong><a href=\"https:\/\/www.cnil.fr\/fr\/cookies-les-outils-pour-les-maitriser\"><strong><em>En savoir plus sur les cookies, leur fonctionnement et les moyens de s\u2019y opposer<\/em><\/strong><\/a><strong><em>\u00a0(source CNIL)<\/em><\/strong><\/p>\n<p>Attention : Si vous choisissez de refuser l\u2019enregistrement de cookies dans votre ordinateur ou si vous supprimez ceux qui y sont enregistr\u00e9s,\u00a0nous d\u00e9clinons toute responsabilit\u00e9 d\u2019une d\u00e9gradation du bon fonctionnement de nos services.<\/p>\n<p><strong>3 &#8211; Ce que\u00a0nous\u00a0faisons des informations que nous collectons\u00a0:<\/strong><\/p>\n<p>Les donn\u00e9es personnelles recueillies dans le cadre des services propos\u00e9s dans nos sites sont trait\u00e9es selon des protocoles s\u00e9curis\u00e9s\u00a0et permettent \u00e0 la soci\u00e9t\u00e9 David ARRIGNON de g\u00e9rer les demandes re\u00e7ues dans ses applications informatiques.<\/p>\n<p>Les donn\u00e9es collect\u00e9es nous permettent de mener \u00e0 bien les traitements suivants :<\/p>\n<ul>\n<li>La gestion des relations commerciales entre la soci\u00e9t\u00e9 David ARRIGNON et les utilisateurs, notamment lors des commandes.<\/li>\n<li>Les demandes d\u2019information, transactions.<\/li>\n<li>Vous informer sur nos services<\/li>\n<li>Le respect de nos obligations l\u00e9gales et r\u00e9glementaires<\/li>\n<\/ul>\n<p>&nbsp;<\/p>\n<p>A noter que la soci\u00e9t\u00e9 David ARRIGNON ne vend ni ne loue vos donn\u00e9es personnelles \u00e0 des tiers.<\/p>\n<p>&nbsp;<\/p>\n<p><strong>4 &#8211; Votre droit d\u2019acc\u00e8s, de rectification et d\u2019opposition:<\/strong><\/p>\n<p>Conform\u00e9ment \u00e0 la loi Informatique et Libert\u00e9s du 06 janvier 1978 et au R\u00e8glement G\u00e9n\u00e9ral sur la Protection des Donn\u00e9es 2016\/679,\u00a0vous b\u00e9n\u00e9ficiez d&#8217;un droit d&#8217;acc\u00e8s, de modification et d&#8217;opposition des donn\u00e9es personnelles vous concernant.<\/p>\n<p>Pour toute information ou exercice de vos droits Informatique et Libert\u00e9s sur les traitements de donn\u00e9es personnelles g\u00e9r\u00e9s\u00a0par la soci\u00e9t\u00e9 David ARRIGNON, vous pouvez nous contacter :<\/p>\n<ul>\n<li>Par email \u00e0 <a href=\"mailto:golf3dmadesimple@gmail.com\">golf3dmadesimple@gmail.com<\/a><\/li>\n<\/ul>\n<p><strong>5 &#8211; Combien\u00a0de temps nous stockons ces donn\u00e9es :<\/strong><\/p>\n<p>La dur\u00e9e de conservation des donn\u00e9es d\u00e9pend de leur finalit\u00e9 et de leur Dur\u00e9e d&#8217;utilit\u00e9 administrative (DUA). Ainsi, nous assurerons\u00a0la conservation des donn\u00e9es pendant la dur\u00e9e de la relation contractuelle (acc\u00e8s \u00e0 une formation). Nous garderons 3 ans maximum\u00a0les donn\u00e9es marketing, et, 6 ans les donn\u00e9es li\u00e9es \u00e0 la facturation.<\/p>\n<p><strong>6 &#8211; Comment nous apportons des modifications \u00e0 notre politique :<\/strong><\/p>\n<p>La\u00a0soci\u00e9t\u00e9 David ARRIGNON se r\u00e9serve le droit de faire \u00e9voluer la pr\u00e9sente Politique de confidentialit\u00e9, notamment en application\u00a0des changements apport\u00e9s aux lois et r\u00e9glementations en vigueur. Les modifications seront alors publi\u00e9es dans cette page.<\/p>\n<p>Si vous continuez \u00e0 utiliser nos sites apr\u00e8s l&#8217;entr\u00e9e en vigueur de ces modifications, vous acceptez de fait la nouvelle politique.<\/p>\n<p>Si les modifications sont importantes, nous vous en aviserons pr\u00e9alablement afin d\u2019obtenir votre consentement dans les conditions pr\u00e9vues par la loi.<\/p>\n<p><strong>7 &#8211; Le droit applicable :<\/strong><\/p>\n<p>La pr\u00e9sente Politique de Confidentialit\u00e9, r\u00e9dig\u00e9e en fran\u00e7ais, est r\u00e9gie par le droit fran\u00e7ais.<\/p>\n<p><strong>8 &#8211; Comment nous contacter\u00a0:<\/strong><\/p>\n<p>Contactez-nous de pr\u00e9f\u00e9rence par email \u00e0 cette adresse :\u00a0<a href=\"mailto:golf3dmadesimple@gmail.com\">golf3dmadesimple@gmail.com<\/a><\/p>\n<p>&nbsp;<\/p>\n<p><strong>English Translation<\/strong><\/p>\n<p>&nbsp;<\/p>\n<pre class=\"tw-data-text tw-text-large tw-ta\" dir=\"ltr\" data-placeholder=\"Translation\"><span lang=\"en\" tabindex=\"0\">The company David ARRIGNON undertakes that the collection and processing of your data, carried out from the site \r\n3dmadesimple.com comply with the General Regulations on Data Protection (RGPD) and the law Informatique et Libert\u00e9s.\r\nOur forms limit the collection of personal data to what is strictly necessary, in accordance with the principle of \r\ndata minimization, and indicate the purpose of the collection of such data; if these data are mandatory or optional for the management of your application as well as your rights \"Information and Freedoms\" and how to exercise them.\r\n\r\n1 - Some definitions:\r\n\r\nThe Site: The entire site, web pages and online services offered by the company David ARRIGNON, which operates the site \r\naccessible from the following URL address 3dmadesimple.golf\r\nCookies: A \"cookie\" is a file of limited size, generally consisting of letters and numbers, sent by the Internet \r\nserver to the cookie file of the browser located on the hard disk of your computer.\r\nPersonal Data: Any information relating to a natural person identified or who can be identified, directly or indirectly, \r\nby reference to an identification number or to one or more elements of its own.\r\nThis is, for example, the email address of the User.\r\nThe Publisher: The person, physical or moral, who publishes the services of communication to the public online, that is to say:\r\n\r\nDavid ARRIGNON SIRET: 48452164600022 whose head office is located at 31 Route de Rambouillet 78125 Poigny la For\u00eat.\r\n\r\nThe User: The person using the Site and the services of the company David ARRIGNON\r\n\r\nProcessing of personal data: Any operation or set of operations relating to such data, whatever the process used \r\n(collection, registration, organization, preservation, adaptation or modification, extraction, consultation, use, \r\ncommunication by transmission, distribution or any other form of provision, reconciliation or interconnection, locking, \r\nerasure or destruction ...).\r\n\r\n<\/span><\/pre>\n<pre class=\"tw-data-text tw-text-large tw-ta\" dir=\"ltr\" data-placeholder=\"Translation\"><span lang=\"en\" tabindex=\"0\">2 - The data we collect and how?\r\n\r\nThe company David ARRIGNON collects only the information it needs to deliver its services and meet regulatory obligations, \r\nsuch as: name, surname, email, phone.\r\nData collection takes place during:\r\n-From ordering a product\r\n-A contact via the contact form on 3dmadesimple.golf\r\nWe also receive technical information when browsing our sites. \r\nWhenever you use a website, mobile application, or other Internet service, the generation and recording of information \r\nis almost systematic.\r\n\r\nHere are some of the categories of data we collect:\r\n\r\nLog data. This log data includes your IP address and your activities in our sites (pages visited), the date and \r\ntime of your request.\r\nWe also use \"session\" cookies (kept until you log out)\r\nOr \"persistent\" cookies (which remain active as long as they are not deleted by you or your browser).\r\nThese internal cookies may be necessary for the sites to function or to measure the audience.\r\n\r\n&gt;&gt;&gt; Learn more about cookies, how they work and how to oppose them (source CNIL)\r\n\r\nCaution: If you choose to refuse the recording of cookies in your computer or if you delete those registered there, \r\nwe decline any responsibility for a deterioration of the good functioning of our services.\r\n\r\n3 - What we do with the information we collect:\r\n\r\nThe personal data collected as part of the services offered in our sites are processed according to secure protocols \r\nand allow the company David ARRIGNON to manage requests received in its computer applications.\r\n\r\n<\/span><\/pre>\n<pre class=\"tw-data-text tw-text-large tw-ta\" dir=\"ltr\" data-placeholder=\"Translation\"><span lang=\"en\" tabindex=\"0\">The collected data allow us to carry out the following treatments:\r\n\r\nThe management of the commercial relations between the company David ARRIGNON and the users, in particular during the orders.\r\nRequests for information, transactions.\r\nTo inform you about our services\r\nCompliance with our legal and regulatory obligations\r\n\r\nNote that the company David ARRIGNON does not sell or rent your personal data to third parties.\r\n\r\n4 - Your right of access, rectification and opposition:\r\n\r\nIn accordance with the Data Protection Act of 06 January 1978 and the General Data Protection Regulation 2016\/679, \r\nyou have the right to access, modify and oppose personal data concerning you.\r\nFor any information or exercise of your rights Computer and Freedoms on the processing of personal data managed \r\nby the company David ARRIGNON, you can contact us:\r\n\r\nBy email at golf3dmadesimple@gmail.com\r\n\r\n5 - How long do we store these data:\r\n\r\nThe retention period of the data depends on their purpose and their duration of administrative utility (DUA). Thus, \r\nwe will ensure the conservation of data during the duration of the contractual relationship (access to training). We will keep \r\n3 years maximum marketing data, and 6 years the data related to billing.\r\n\r\n<\/span><\/pre>\n<pre id=\"tw-target-text\" class=\"tw-data-text tw-text-large tw-ta\" dir=\"ltr\" data-placeholder=\"Translation\"><span lang=\"en\" tabindex=\"0\">6 - How we make changes to our policy:\r\n\r\nDavid ARRIGNON reserves the right to modify this Privacy Policy, particularly in application of the changes made to the \r\nlaws and regulations in force. The changes will then be published on this page.\r\nIf you continue to use our sites after these changes take effect, you agree to the new policy.\r\nIf the changes are important, we will notify you in advance to obtain your consent under the conditions provided by law.\r\n\r\n7 - The applicable law:\r\n\r\nThis Privacy Policy, written in English, is governed by French law.\r\n\r\n8 - How to contact us:\r\n\r\nContact us preferably by email at this address: golf3dmadesimple@gmail.com<\/span><\/pre>\n<pre id=\"tw-target-text\" class=\"tw-data-text tw-text-large tw-ta\" dir=\"ltr\" data-placeholder=\"Translation\"><span lang=\"en\" tabindex=\"0\">\u00a0<\/span><\/pre>\n<pre id=\"tw-target-text\" class=\"tw-data-text tw-text-large tw-ta\" dir=\"ltr\" data-placeholder=\"Translation\"><span lang=\"en\" tabindex=\"0\">\u00a0<\/span><\/pre>\n<pre id=\"tw-target-text\" class=\"tw-data-text tw-text-large tw-ta\" dir=\"ltr\" data-placeholder=\"Translation\"><\/pre>\n","protected":false},"excerpt":{"rendered":"<p>English at the End &nbsp; La soci\u00e9t\u00e9 David ARRIGNON s&#8217;engage \u00e0 ce que la collecte et le traitement de vos [&hellip;]<\/p>\n","protected":false},"author":1,"featured_media":0,"parent":0,"menu_order":0,"comment_status":"closed","ping_status":"closed","template":"","meta":[],"yoast_head":"<!-- This site is optimized with the Yoast SEO plugin v20.6 - https:\/\/yoast.com\/wordpress\/plugins\/seo\/ -->\n<title>Politique de Confidentialit\u00e9 -<\/title>\n<meta name=\"robots\" content=\"index, follow, max-snippet:-1, max-image-preview:large, max-video-preview:-1\" \/>\n<link rel=\"canonical\" href=\"https:\/\/3dmadesimple.golf\/index.php\/politique-de-confidentialite-2\/\" \/>\n<meta property=\"og:locale\" content=\"en_US\" \/>\n<meta property=\"og:type\" content=\"article\" \/>\n<meta property=\"og:title\" content=\"Politique de Confidentialit\u00e9 -\" \/>\n<meta property=\"og:description\" content=\"English at the End &nbsp; La soci\u00e9t\u00e9 David ARRIGNON s&#8217;engage \u00e0 ce que la collecte et le traitement de vos [&hellip;]\" \/>\n<meta property=\"og:url\" content=\"https:\/\/3dmadesimple.golf\/index.php\/politique-de-confidentialite-2\/\" \/>\n<meta property=\"article:publisher\" content=\"https:\/\/www.facebook.com\/DavidGolfCoach\" \/>\n<meta property=\"article:modified_time\" content=\"2019-11-24T14:49:30+00:00\" \/>\n<meta name=\"twitter:card\" content=\"summary_large_image\" \/>\n<meta name=\"twitter:site\" content=\"@DavidGolfCoach\" \/>\n<meta name=\"twitter:label1\" content=\"Est. reading time\" \/>\n\t<meta name=\"twitter:data1\" content=\"10 minutes\" \/>\n<script type=\"application\/ld+json\" class=\"yoast-schema-graph\">{\"@context\":\"https:\/\/schema.org\",\"@graph\":[{\"@type\":\"WebPage\",\"@id\":\"https:\/\/3dmadesimple.golf\/index.php\/politique-de-confidentialite-2\/\",\"url\":\"https:\/\/3dmadesimple.golf\/index.php\/politique-de-confidentialite-2\/\",\"name\":\"Politique de Confidentialit\u00e9 -\",\"isPartOf\":{\"@id\":\"https:\/\/3dmadesimple.golf\/#website\"},\"datePublished\":\"2019-11-23T19:55:11+00:00\",\"dateModified\":\"2019-11-24T14:49:30+00:00\",\"breadcrumb\":{\"@id\":\"https:\/\/3dmadesimple.golf\/index.php\/politique-de-confidentialite-2\/#breadcrumb\"},\"inLanguage\":\"en-US\",\"potentialAction\":[{\"@type\":\"ReadAction\",\"target\":[\"https:\/\/3dmadesimple.golf\/index.php\/politique-de-confidentialite-2\/\"]}]},{\"@type\":\"BreadcrumbList\",\"@id\":\"https:\/\/3dmadesimple.golf\/index.php\/politique-de-confidentialite-2\/#breadcrumb\",\"itemListElement\":[{\"@type\":\"ListItem\",\"position\":1,\"name\":\"Home\",\"item\":\"https:\/\/3dmadesimple.golf\/\"},{\"@type\":\"ListItem\",\"position\":2,\"name\":\"Politique de Confidentialit\u00e9\"}]},{\"@type\":\"WebSite\",\"@id\":\"https:\/\/3dmadesimple.golf\/#website\",\"url\":\"https:\/\/3dmadesimple.golf\/\",\"name\":\"Golf 3D Made Simple\",\"description\":\"Making Golf 3D Analysis Easier\",\"publisher\":{\"@id\":\"https:\/\/3dmadesimple.golf\/#organization\"},\"potentialAction\":[{\"@type\":\"SearchAction\",\"target\":{\"@type\":\"EntryPoint\",\"urlTemplate\":\"https:\/\/3dmadesimple.golf\/?s={search_term_string}\"},\"query-input\":\"required name=search_term_string\"}],\"inLanguage\":\"en-US\"},{\"@type\":\"Organization\",\"@id\":\"https:\/\/3dmadesimple.golf\/#organization\",\"name\":\"3DMadeSimple - David ARRIGNON\",\"url\":\"https:\/\/3dmadesimple.golf\/\",\"logo\":{\"@type\":\"ImageObject\",\"inLanguage\":\"en-US\",\"@id\":\"https:\/\/3dmadesimple.golf\/#\/schema\/logo\/image\/\",\"url\":\"https:\/\/3dmadesimple.golf\/wp-content\/uploads\/2019\/11\/Final-04.png\",\"contentUrl\":\"https:\/\/3dmadesimple.golf\/wp-content\/uploads\/2019\/11\/Final-04.png\",\"width\":1501,\"height\":876,\"caption\":\"3DMadeSimple - David ARRIGNON\"},\"image\":{\"@id\":\"https:\/\/3dmadesimple.golf\/#\/schema\/logo\/image\/\"},\"sameAs\":[\"https:\/\/www.facebook.com\/DavidGolfCoach\",\"https:\/\/twitter.com\/DavidGolfCoach\",\"https:\/\/www.instagram.com\/davidarrignon\/\",\"https:\/\/www.linkedin.com\/in\/david-arrignon-8192bb72\/\"]}]}<\/script>\n<!-- \/ Yoast SEO plugin. -->","yoast_head_json":{"title":"Politique de Confidentialit\u00e9 -","robots":{"index":"index","follow":"follow","max-snippet":"max-snippet:-1","max-image-preview":"max-image-preview:large","max-video-preview":"max-video-preview:-1"},"canonical":"https:\/\/3dmadesimple.golf\/index.php\/politique-de-confidentialite-2\/","og_locale":"en_US","og_type":"article","og_title":"Politique de Confidentialit\u00e9 -","og_description":"English at the End &nbsp; La soci\u00e9t\u00e9 David ARRIGNON s&#8217;engage \u00e0 ce que la collecte et le traitement de vos [&hellip;]","og_url":"https:\/\/3dmadesimple.golf\/index.php\/politique-de-confidentialite-2\/","article_publisher":"https:\/\/www.facebook.com\/DavidGolfCoach","article_modified_time":"2019-11-24T14:49:30+00:00","twitter_card":"summary_large_image","twitter_site":"@DavidGolfCoach","twitter_misc":{"Est. reading time":"10 minutes"},"schema":{"@context":"https:\/\/schema.org","@graph":[{"@type":"WebPage","@id":"https:\/\/3dmadesimple.golf\/index.php\/politique-de-confidentialite-2\/","url":"https:\/\/3dmadesimple.golf\/index.php\/politique-de-confidentialite-2\/","name":"Politique de Confidentialit\u00e9 -","isPartOf":{"@id":"https:\/\/3dmadesimple.golf\/#website"},"datePublished":"2019-11-23T19:55:11+00:00","dateModified":"2019-11-24T14:49:30+00:00","breadcrumb":{"@id":"https:\/\/3dmadesimple.golf\/index.php\/politique-de-confidentialite-2\/#breadcrumb"},"inLanguage":"en-US","potentialAction":[{"@type":"ReadAction","target":["https:\/\/3dmadesimple.golf\/index.php\/politique-de-confidentialite-2\/"]}]},{"@type":"BreadcrumbList","@id":"https:\/\/3dmadesimple.golf\/index.php\/politique-de-confidentialite-2\/#breadcrumb","itemListElement":[{"@type":"ListItem","position":1,"name":"Home","item":"https:\/\/3dmadesimple.golf\/"},{"@type":"ListItem","position":2,"name":"Politique de Confidentialit\u00e9"}]},{"@type":"WebSite","@id":"https:\/\/3dmadesimple.golf\/#website","url":"https:\/\/3dmadesimple.golf\/","name":"Golf 3D Made Simple","description":"Making Golf 3D Analysis Easier","publisher":{"@id":"https:\/\/3dmadesimple.golf\/#organization"},"potentialAction":[{"@type":"SearchAction","target":{"@type":"EntryPoint","urlTemplate":"https:\/\/3dmadesimple.golf\/?s={search_term_string}"},"query-input":"required name=search_term_string"}],"inLanguage":"en-US"},{"@type":"Organization","@id":"https:\/\/3dmadesimple.golf\/#organization","name":"3DMadeSimple - David ARRIGNON","url":"https:\/\/3dmadesimple.golf\/","logo":{"@type":"ImageObject","inLanguage":"en-US","@id":"https:\/\/3dmadesimple.golf\/#\/schema\/logo\/image\/","url":"https:\/\/3dmadesimple.golf\/wp-content\/uploads\/2019\/11\/Final-04.png","contentUrl":"https:\/\/3dmadesimple.golf\/wp-content\/uploads\/2019\/11\/Final-04.png","width":1501,"height":876,"caption":"3DMadeSimple - David ARRIGNON"},"image":{"@id":"https:\/\/3dmadesimple.golf\/#\/schema\/logo\/image\/"},"sameAs":["https:\/\/www.facebook.com\/DavidGolfCoach","https:\/\/twitter.com\/DavidGolfCoach","https:\/\/www.instagram.com\/davidarrignon\/","https:\/\/www.linkedin.com\/in\/david-arrignon-8192bb72\/"]}]}},"_links":{"self":[{"href":"https:\/\/3dmadesimple.golf\/index.php\/wp-json\/wp\/v2\/pages\/83374"}],"collection":[{"href":"https:\/\/3dmadesimple.golf\/index.php\/wp-json\/wp\/v2\/pages"}],"about":[{"href":"https:\/\/3dmadesimple.golf\/index.php\/wp-json\/wp\/v2\/types\/page"}],"author":[{"embeddable":true,"href":"https:\/\/3dmadesimple.golf\/index.php\/wp-json\/wp\/v2\/users\/1"}],"replies":[{"embeddable":true,"href":"https:\/\/3dmadesimple.golf\/index.php\/wp-json\/wp\/v2\/comments?post=83374"}],"version-history":[{"count":7,"href":"https:\/\/3dmadesimple.golf\/index.php\/wp-json\/wp\/v2\/pages\/83374\/revisions"}],"predecessor-version":[{"id":83402,"href":"https:\/\/3dmadesimple.golf\/index.php\/wp-json\/wp\/v2\/pages\/83374\/revisions\/83402"}],"wp:attachment":[{"href":"https:\/\/3dmadesimple.golf\/index.php\/wp-json\/wp\/v2\/media?parent=83374"}],"curies":[{"name":"wp","href":"https:\/\/api.w.org\/{rel}","templated":true}]}}