{"id":83368,"date":"2019-11-23T20:54:22","date_gmt":"2019-11-23T19:54:22","guid":{"rendered":"https:\/\/3dmadesimple.golf\/?page_id=83368"},"modified":"2019-11-24T15:50:13","modified_gmt":"2019-11-24T14:50:13","slug":"cgv","status":"publish","type":"page","link":"https:\/\/3dmadesimple.golf\/index.php\/cgv\/","title":{"rendered":"Conditions G\u00e9n\u00e9rales de Ventes"},"content":{"rendered":"<p><strong>English at the End<\/strong><\/p>\n<p>&nbsp;<\/p>\n<p><strong>Article 1 : Champ d\u2019application<\/strong><\/p>\n<p>Les pr\u00e9sentes conditions g\u00e9n\u00e9rales de vente s\u2019appliquent \u00e0 toutes les transactions conclues par le biais du site Internet de David ARRIGNON 3dmadesimple.golf. Est consid\u00e9r\u00e9e comme \u00ab client \u00bb toute personne physique ou morale r\u00e9alisant aupr\u00e8s de David ARRIGNON 3dmadesimple.golf<\/p>\n<p>une commande valid\u00e9e via notre plateforme de paiement s\u00e9curis\u00e9e.<\/p>\n<p>&nbsp;<\/p>\n<p><strong>Article 2 : Commande<\/strong><\/p>\n<p>Toute commande pass\u00e9e sur Le site internet 3dmadesimple.golf implique l\u2019acceptation int\u00e9grale et sans r\u00e9serve des pr\u00e9sentes conditions g\u00e9n\u00e9rales de vente.<\/p>\n<p>&nbsp;<\/p>\n<p><strong>Article 3 : Prix<\/strong><\/p>\n<p>Les prix sont indiqu\u00e9s en euros toutes taxes comprises.<\/p>\n<p>Le prix des articles peut \u00eatre modifi\u00e9 \u00e0 tout moment. Toutefois, le tarif appliqu\u00e9 \u00e0 une commande sera celui annonc\u00e9 au moment de la commande.<\/p>\n<p>&nbsp;<\/p>\n<p><strong>Article 4 : Paiement<\/strong><\/p>\n<p>Le paiement est exigible imm\u00e9diatement \u00e0 la date de la commande.<\/p>\n<p>Vous pouvez effectuer le r\u00e8glement par l\u2019organisme PayPal.<\/p>\n<p>Le paiement s\u00e9curis\u00e9 en ligne est r\u00e9alis\u00e9 par l\u2019interm\u00e9diaire de PayPal.<\/p>\n<p>Les informations transmises sont crypt\u00e9es par un logiciel \u00e0 l\u2019\u00e9tat de l\u2019art, et ne peuvent \u00eatre lues au cours du transport sur le r\u00e9seau.<\/p>\n<p>Toute garantie quant \u00e0 la s\u00e9curit\u00e9 de ce syst\u00e8me est enti\u00e8rement de la responsabilit\u00e9 de la plateforme utilis\u00e9e et ne saurait nous \u00eatre imput\u00e9e.<\/p>\n<p>&nbsp;<\/p>\n<p><strong>Article 5 : Envoi des achats<\/strong><\/p>\n<p>Les achats sont uniquement des contenus num\u00e9riques et seront envoy\u00e9s uniquement par email. Vous avez la responsabilit\u00e9 de l\u2019exactitude des informations concernant votre adresse email.<\/p>\n<p>&nbsp;<\/p>\n<p><strong>Article 6 : Conditions de retour et de remboursement<\/strong><\/p>\n<p>Conform\u00e9ment \u00e0 la l\u00e9gislation en vigueur, vous disposez d\u2019un d\u00e9lai de 14 jours \u00e0 compter de la r\u00e9ception de votre commande pour exercer\u00a0votre \u00ab droit de r\u00e9tractation \u00bb.<\/p>\n<p>Cependant les produits et services que nous fournissons ne sont pas soumis \u00e0 ce droit de r\u00e9tractation. L\u2019article L121-20-2 exclut notamment : la fourniture de services dont l&#8217;ex\u00e9cution a commenc\u00e9, avec l&#8217;accord du consommateur, avant la fin du d\u00e9lai de sept jours francs ;<\/p>\n<p>Votre accord vous sera donc demand\u00e9 pour d\u00e9marrer la production avant le terme des sept jours francs. Dans le cas d\u2019un refus, la production d\u00e9marrera apr\u00e8s l\u2019expiration du d\u00e9lai de 14 jours l\u00e9gal.<\/p>\n<p>&nbsp;<\/p>\n<p>&nbsp;<\/p>\n<p><strong>Article 7 : Protection des donn\u00e9es personnelles<\/strong><\/p>\n<p>Conform\u00e9ment \u00e0 la Loi Informatique et Libert\u00e9s du 6 janvier 1978, vous disposez d\u2019un droit d\u2019acc\u00e8s et de rectification aux donn\u00e9es personnelles vous concernant.<\/p>\n<p>Nous d\u00e9clarons l\u2019ensemble de nos fichiers \u00e0 la Commission Nationale de l\u2019Informatique et des Libert\u00e9s.<\/p>\n<p>En adh\u00e9rant \u00e0 ces conditions g\u00e9n\u00e9rales de vente, vous reconnaissez avoir pris connaissance de notre politique de protection\u00a0des donn\u00e9es personnelles et consentez \u00e0 ce que nous collections et utilisions ces donn\u00e9es.<\/p>\n<p>&nbsp;<\/p>\n<p><strong>Article 8 : Droit applicable<\/strong><\/p>\n<p>Toutes les clauses figurant dans les pr\u00e9sentes conditions g\u00e9n\u00e9rales de vente, ainsi que toutes les op\u00e9rations d\u2019achat et de vente qui y sont vis\u00e9es,\u00a0seront soumises au droit fran\u00e7ais.<\/p>\n<p>&nbsp;<\/p>\n<p><strong>Article 9 : Informations:<\/strong><\/p>\n<p>David ARRIGNON \u2013 31 Route de Rambouillet 78125 Poigny la For\u00eat \u2013 SIRET\u00a0: 48452164600022<\/p>\n<p>Si\u00e8ge social : 31 Route de Rambouillet 78125 Poigny la For\u00eat<\/p>\n<p>Email\u00a0:\u00a0<a href=\"mailto:golf3dmadesimple@gmail.com\"><u>golf3dmadesimple@gmail.com<\/u><\/a><\/p>\n<p>&nbsp;<\/p>\n<p><strong>English translation<\/strong><\/p>\n<p>&nbsp;<\/p>\n<p>Article 1: Scope<\/p>\n<p>These general conditions of sale apply to all transactions concluded through the website of David ARRIGNON 3dmadesimple.golf. Any person or entity who works with David ARRIGNON 3dmadesimple.golf is considered as a &#8220;client&#8221; someone who made an order validated via our secure payment platform.<\/p>\n<p>Article 2: Order<\/p>\n<p>Any order placed on the website 3dmadesimple.golf implies the full and unconditional acceptance of these terms and conditions of sale.<\/p>\n<p>&nbsp;<\/p>\n<p>Article 3: Price<\/p>\n<p>Prices are quoted in euros all taxes included.The price of the items can be changed at any time. However, the rate applied to an order will be the one announced at the time of the order.<\/p>\n<p>&nbsp;<\/p>\n<p>Article 4: Payment<\/p>\n<p>Payment is due immediately on the date of the order.<\/p>\n<p>You can pay by PayPal.<\/p>\n<p>Secure online payment is made through PayPal.<\/p>\n<p>The transmitted information is encrypted by state-of-the-art software, and can not be read during transport on the network.<\/p>\n<p>Any guarantee as to the security of this system is entirely the responsibility of the platform used and cannot be attributed to us.<\/p>\n<p>&nbsp;<\/p>\n<p>Article 5: Sending Purchases<\/p>\n<p>The purchases are only digital contents and will be sent only by email. You are responsible for the accuracy of the information concerning your email address.<\/p>\n<p>&nbsp;<\/p>\n<p>Article 6: Conditions of return and refund<\/p>\n<p>In accordance with the legislation in force, you have a period of 14 days from receipt of your order to exercise your &#8220;right of withdrawal&#8221;.<\/p>\n<p>However, the products and services we provide are not subject to this right of withdrawal. Article L121-20-2 excludes in particular: the supply of services whose performance has begun, with the consent of the consumer, before the end of the period of seven clear days;<\/p>\n<p>Your agreement will be required to start production before the end of seven clear days. In the case of a refusal, the production will start after the expiry of the legal 14-day period.<\/p>\n<p>&nbsp;<\/p>\n<p>Article 7: Protection of personal data<\/p>\n<p>In accordance with the Data Protection Act of 6 January 1978, you have the right to access and rectify your personal data.<\/p>\n<p>We declare all of our files to the National Commission for Data Processing and Freedoms.<\/p>\n<p>By adhering to these terms and conditions, you acknowledge having read our privacy policy and agree that we collect and use this data.<\/p>\n<p>&nbsp;<\/p>\n<p>Article 8: Applicable Law<\/p>\n<p>All clauses contained in these general conditions of sale, as well as all the purchase and sale operations referred to therein, will be subject to French law.<\/p>\n<p>&nbsp;<\/p>\n<p>Article 9: Information:<\/p>\n<p>David ARRIGNON &#8211; 31 Route de Rambouillet 78125 Poigny Forest &#8211; SIRET: 48452164600022<\/p>\n<p>Registered office: 31 Route de Rambouillet 78125 Poigny la For\u00eat<\/p>\n<p>Email: <a href=\"mailto:golf3dmadesimple@gmail.com\">golf3dmadesimple@gmail.com<\/a><\/p>\n<p><strong>\u00a0<\/strong><\/p>\n","protected":false},"excerpt":{"rendered":"<p>English at the End &nbsp; Article 1 : Champ d\u2019application Les pr\u00e9sentes conditions g\u00e9n\u00e9rales de vente s\u2019appliquent \u00e0 toutes les [&hellip;]<\/p>\n","protected":false},"author":1,"featured_media":0,"parent":0,"menu_order":0,"comment_status":"closed","ping_status":"closed","template":"","meta":[],"yoast_head":"<!-- This site is optimized with the Yoast SEO plugin v20.6 - https:\/\/yoast.com\/wordpress\/plugins\/seo\/ -->\n<title>Conditions G\u00e9n\u00e9rales de Ventes -<\/title>\n<meta name=\"robots\" content=\"index, follow, max-snippet:-1, max-image-preview:large, max-video-preview:-1\" \/>\n<link rel=\"canonical\" href=\"https:\/\/3dmadesimple.golf\/index.php\/cgv\/\" \/>\n<meta property=\"og:locale\" content=\"en_US\" \/>\n<meta property=\"og:type\" content=\"article\" \/>\n<meta property=\"og:title\" content=\"Conditions G\u00e9n\u00e9rales de Ventes -\" \/>\n<meta property=\"og:description\" content=\"English at the End &nbsp; Article 1 : Champ d\u2019application Les pr\u00e9sentes conditions g\u00e9n\u00e9rales de vente s\u2019appliquent \u00e0 toutes les [&hellip;]\" \/>\n<meta property=\"og:url\" content=\"https:\/\/3dmadesimple.golf\/index.php\/cgv\/\" \/>\n<meta property=\"article:publisher\" content=\"https:\/\/www.facebook.com\/DavidGolfCoach\" \/>\n<meta property=\"article:modified_time\" content=\"2019-11-24T14:50:13+00:00\" \/>\n<meta name=\"twitter:card\" content=\"summary_large_image\" \/>\n<meta name=\"twitter:site\" content=\"@DavidGolfCoach\" \/>\n<meta name=\"twitter:label1\" content=\"Est. reading time\" \/>\n\t<meta name=\"twitter:data1\" content=\"5 minutes\" \/>\n<script type=\"application\/ld+json\" class=\"yoast-schema-graph\">{\"@context\":\"https:\/\/schema.org\",\"@graph\":[{\"@type\":\"WebPage\",\"@id\":\"https:\/\/3dmadesimple.golf\/index.php\/cgv\/\",\"url\":\"https:\/\/3dmadesimple.golf\/index.php\/cgv\/\",\"name\":\"Conditions G\u00e9n\u00e9rales de Ventes -\",\"isPartOf\":{\"@id\":\"https:\/\/3dmadesimple.golf\/#website\"},\"datePublished\":\"2019-11-23T19:54:22+00:00\",\"dateModified\":\"2019-11-24T14:50:13+00:00\",\"breadcrumb\":{\"@id\":\"https:\/\/3dmadesimple.golf\/index.php\/cgv\/#breadcrumb\"},\"inLanguage\":\"en-US\",\"potentialAction\":[{\"@type\":\"ReadAction\",\"target\":[\"https:\/\/3dmadesimple.golf\/index.php\/cgv\/\"]}]},{\"@type\":\"BreadcrumbList\",\"@id\":\"https:\/\/3dmadesimple.golf\/index.php\/cgv\/#breadcrumb\",\"itemListElement\":[{\"@type\":\"ListItem\",\"position\":1,\"name\":\"Home\",\"item\":\"https:\/\/3dmadesimple.golf\/\"},{\"@type\":\"ListItem\",\"position\":2,\"name\":\"Conditions G\u00e9n\u00e9rales de Ventes\"}]},{\"@type\":\"WebSite\",\"@id\":\"https:\/\/3dmadesimple.golf\/#website\",\"url\":\"https:\/\/3dmadesimple.golf\/\",\"name\":\"Golf 3D Made Simple\",\"description\":\"Making Golf 3D Analysis Easier\",\"publisher\":{\"@id\":\"https:\/\/3dmadesimple.golf\/#organization\"},\"potentialAction\":[{\"@type\":\"SearchAction\",\"target\":{\"@type\":\"EntryPoint\",\"urlTemplate\":\"https:\/\/3dmadesimple.golf\/?s={search_term_string}\"},\"query-input\":\"required name=search_term_string\"}],\"inLanguage\":\"en-US\"},{\"@type\":\"Organization\",\"@id\":\"https:\/\/3dmadesimple.golf\/#organization\",\"name\":\"3DMadeSimple - David ARRIGNON\",\"url\":\"https:\/\/3dmadesimple.golf\/\",\"logo\":{\"@type\":\"ImageObject\",\"inLanguage\":\"en-US\",\"@id\":\"https:\/\/3dmadesimple.golf\/#\/schema\/logo\/image\/\",\"url\":\"https:\/\/3dmadesimple.golf\/wp-content\/uploads\/2019\/11\/Final-04.png\",\"contentUrl\":\"https:\/\/3dmadesimple.golf\/wp-content\/uploads\/2019\/11\/Final-04.png\",\"width\":1501,\"height\":876,\"caption\":\"3DMadeSimple - David ARRIGNON\"},\"image\":{\"@id\":\"https:\/\/3dmadesimple.golf\/#\/schema\/logo\/image\/\"},\"sameAs\":[\"https:\/\/www.facebook.com\/DavidGolfCoach\",\"https:\/\/twitter.com\/DavidGolfCoach\",\"https:\/\/www.instagram.com\/davidarrignon\/\",\"https:\/\/www.linkedin.com\/in\/david-arrignon-8192bb72\/\"]}]}<\/script>\n<!-- \/ Yoast SEO plugin. -->","yoast_head_json":{"title":"Conditions G\u00e9n\u00e9rales de Ventes -","robots":{"index":"index","follow":"follow","max-snippet":"max-snippet:-1","max-image-preview":"max-image-preview:large","max-video-preview":"max-video-preview:-1"},"canonical":"https:\/\/3dmadesimple.golf\/index.php\/cgv\/","og_locale":"en_US","og_type":"article","og_title":"Conditions G\u00e9n\u00e9rales de Ventes -","og_description":"English at the End &nbsp; Article 1 : Champ d\u2019application Les pr\u00e9sentes conditions g\u00e9n\u00e9rales de vente s\u2019appliquent \u00e0 toutes les [&hellip;]","og_url":"https:\/\/3dmadesimple.golf\/index.php\/cgv\/","article_publisher":"https:\/\/www.facebook.com\/DavidGolfCoach","article_modified_time":"2019-11-24T14:50:13+00:00","twitter_card":"summary_large_image","twitter_site":"@DavidGolfCoach","twitter_misc":{"Est. reading time":"5 minutes"},"schema":{"@context":"https:\/\/schema.org","@graph":[{"@type":"WebPage","@id":"https:\/\/3dmadesimple.golf\/index.php\/cgv\/","url":"https:\/\/3dmadesimple.golf\/index.php\/cgv\/","name":"Conditions G\u00e9n\u00e9rales de Ventes -","isPartOf":{"@id":"https:\/\/3dmadesimple.golf\/#website"},"datePublished":"2019-11-23T19:54:22+00:00","dateModified":"2019-11-24T14:50:13+00:00","breadcrumb":{"@id":"https:\/\/3dmadesimple.golf\/index.php\/cgv\/#breadcrumb"},"inLanguage":"en-US","potentialAction":[{"@type":"ReadAction","target":["https:\/\/3dmadesimple.golf\/index.php\/cgv\/"]}]},{"@type":"BreadcrumbList","@id":"https:\/\/3dmadesimple.golf\/index.php\/cgv\/#breadcrumb","itemListElement":[{"@type":"ListItem","position":1,"name":"Home","item":"https:\/\/3dmadesimple.golf\/"},{"@type":"ListItem","position":2,"name":"Conditions G\u00e9n\u00e9rales de Ventes"}]},{"@type":"WebSite","@id":"https:\/\/3dmadesimple.golf\/#website","url":"https:\/\/3dmadesimple.golf\/","name":"Golf 3D Made Simple","description":"Making Golf 3D Analysis Easier","publisher":{"@id":"https:\/\/3dmadesimple.golf\/#organization"},"potentialAction":[{"@type":"SearchAction","target":{"@type":"EntryPoint","urlTemplate":"https:\/\/3dmadesimple.golf\/?s={search_term_string}"},"query-input":"required name=search_term_string"}],"inLanguage":"en-US"},{"@type":"Organization","@id":"https:\/\/3dmadesimple.golf\/#organization","name":"3DMadeSimple - David ARRIGNON","url":"https:\/\/3dmadesimple.golf\/","logo":{"@type":"ImageObject","inLanguage":"en-US","@id":"https:\/\/3dmadesimple.golf\/#\/schema\/logo\/image\/","url":"https:\/\/3dmadesimple.golf\/wp-content\/uploads\/2019\/11\/Final-04.png","contentUrl":"https:\/\/3dmadesimple.golf\/wp-content\/uploads\/2019\/11\/Final-04.png","width":1501,"height":876,"caption":"3DMadeSimple - David ARRIGNON"},"image":{"@id":"https:\/\/3dmadesimple.golf\/#\/schema\/logo\/image\/"},"sameAs":["https:\/\/www.facebook.com\/DavidGolfCoach","https:\/\/twitter.com\/DavidGolfCoach","https:\/\/www.instagram.com\/davidarrignon\/","https:\/\/www.linkedin.com\/in\/david-arrignon-8192bb72\/"]}]}},"_links":{"self":[{"href":"https:\/\/3dmadesimple.golf\/index.php\/wp-json\/wp\/v2\/pages\/83368"}],"collection":[{"href":"https:\/\/3dmadesimple.golf\/index.php\/wp-json\/wp\/v2\/pages"}],"about":[{"href":"https:\/\/3dmadesimple.golf\/index.php\/wp-json\/wp\/v2\/types\/page"}],"author":[{"embeddable":true,"href":"https:\/\/3dmadesimple.golf\/index.php\/wp-json\/wp\/v2\/users\/1"}],"replies":[{"embeddable":true,"href":"https:\/\/3dmadesimple.golf\/index.php\/wp-json\/wp\/v2\/comments?post=83368"}],"version-history":[{"count":8,"href":"https:\/\/3dmadesimple.golf\/index.php\/wp-json\/wp\/v2\/pages\/83368\/revisions"}],"predecessor-version":[{"id":83395,"href":"https:\/\/3dmadesimple.golf\/index.php\/wp-json\/wp\/v2\/pages\/83368\/revisions\/83395"}],"wp:attachment":[{"href":"https:\/\/3dmadesimple.golf\/index.php\/wp-json\/wp\/v2\/media?parent=83368"}],"curies":[{"name":"wp","href":"https:\/\/api.w.org\/{rel}","templated":true}]}}